{"id":81,"date":"2025-01-02T20:18:12","date_gmt":"2025-01-02T20:18:12","guid":{"rendered":"https:\/\/berlin.twofinewheels.com\/legal-privacy\/"},"modified":"2025-12-12T15:46:24","modified_gmt":"2025-12-12T15:46:24","slug":"legal-privacy","status":"publish","type":"page","link":"https:\/\/berlin.twofinewheels.com\/en\/legal-privacy\/","title":{"rendered":"Legal &amp; Privacy"},"content":{"rendered":"<div data-elementor-type=\"wp-page\" data-elementor-id=\"81\" class=\"elementor elementor-81\" data-elementor-post-type=\"page\">\n\t\t\t\t<div class=\"elementor-element elementor-element-3e0b859c e-flex e-con-boxed e-con e-parent\" data-id=\"3e0b859c\" data-element_type=\"container\" data-e-type=\"container\" id=\"toc\">\n\t\t\t\t\t<div class=\"e-con-inner\">\n\t\t<div class=\"elementor-element elementor-element-19a86e78 e-con-full e-flex e-con e-child\" data-id=\"19a86e78\" data-element_type=\"container\" data-e-type=\"container\">\n\t\t\t\t<div class=\"elementor-element elementor-element-7b46d653 elementor-widget elementor-widget-heading\" data-id=\"7b46d653\" data-element_type=\"widget\" data-e-type=\"widget\" data-widget_type=\"heading.default\">\n\t\t\t\t\t<h5 class=\"elementor-heading-title elementor-size-default\">Legal &amp; Privacy<\/h5>\t\t\t\t<\/div>\n\t\t\t\t<div class=\"elementor-element elementor-element-2fa7bffe elementor-widget elementor-widget-heading\" data-id=\"2fa7bffe\" data-element_type=\"widget\" data-e-type=\"widget\" data-widget_type=\"heading.default\">\n\t\t\t\t\t<h1 class=\"elementor-heading-title elementor-size-default\">GTC and terms of contract<\/h1>\t\t\t\t<\/div>\n\t\t\t\t<div class=\"elementor-element elementor-element-7d27af56 elementor-widget-divider--view-line elementor-widget elementor-widget-divider\" data-id=\"7d27af56\" data-element_type=\"widget\" data-e-type=\"widget\" data-widget_type=\"divider.default\">\n\t\t\t\t\t\t\t<div class=\"elementor-divider\">\n\t\t\t<span class=\"elementor-divider-separator\">\n\t\t\t\t\t\t<\/span>\n\t\t<\/div>\n\t\t\t\t\t\t<\/div>\n\t\t\t\t<div class=\"elementor-element elementor-element-31a17e8 elementor-widget elementor-widget-text-editor\" data-id=\"31a17e8\" data-element_type=\"widget\" data-e-type=\"widget\" data-widget_type=\"text-editor.default\">\n\t\t\t\t\t\t\t\t\t<p>1 The Hirer shall receive the bicycle(s) in perfect technical condition. The hirer is solely responsible for the bicycle(s) from the time of handover.<\/p>\n<p>2 We only rent out vehicles on presentation of an identity card or driving licence and reserve the right to charge a security deposit if necessary, which will be refunded on proper return.<\/p>\n<p>3 The rental period is bindingly agreed in the contract. A late return is not permitted and will be charged at least 200% of the rental price or all costs arising from the late return, such as a cancelled subsequent rental.<\/p>\n<p>4 The hirer is obliged to check the condition of the bicycle(s) on receipt and to report any visible defects or damage. Damage during the hire period must be reported immediately and the costs incurred for repairing the damage must be borne by the hirer.<\/p>\n<p>5 Payment of the rental price and ancillary services shall be made upon reservation.<\/p>\n<p>6 The applicable rental prices are available on our homepage www.twofinewheels and can be found in our current advertising flyer. The hire prices include taxes and duties.<\/p>\n<p>7 If a reservation is cancelled up to 30 days before the start of the rental period, 50% of the rental costs will be refunded. In the event of cancellation less than 30 days before the start of the rental period, no refund will be made.<\/p>\n<p>8 No money will be refunded if the rental is cancelled or the trip does not take place (examples: bad or too good weather, changeable weather forecast, illness, unwillingness to travel, failure to start the trip or other reasons).<\/p>\n<p>9 The Hirer is solely liable in the event of theft. The renter is also liable for damage to the bicycle\/bicycles and accessories due to negligence or wilful damage. The costs are to be borne in full by the renter and are not insured. This also applies to damage to the paintwork on the frame caused by parking on bicycle stands or stone walls with sharp-edged stones. Particular attention must be paid here.<\/p>\n<p>10 The Hirer undertakes to keep the bicycle(s) and accessories secure at all times and never to leave them unattended. At night, the bicycle\/bicycles and accessories must be parked in a secure, lockable room. In the event of loss, the renter must pay the replacement value. This is calculated as follows:<\/p>\n<p>Bicycles less than 1 year old: New price<\/p>\n<p>Bicycles older than 1 year: 75% of the new price<\/p>\n<p>For bicycles in the Premium, Premium+ and Club categories, the new value must always be paid.<\/p>\n<p>A price list of the bicycles can be viewed on request.<\/p>\n<p>11 Any deposit retained will be refunded if the equipment is returned in a clean condition, including all accessories. If the equipment is returned in a dirty, unacceptable condition, \u20ac10 may be retained for cleaning.<\/p>\n<p>12 The renter expressly agrees that the credit card details may be used to settle any claims.<\/p>\n<p>13 Two Fine Wheels is not liable for damage caused to the hirer or third parties through the use of the bicycle\/bicycles and accessories. Use and sporting activity as well as participation in guided tours is at your own risk.<\/p>\n<p>14 If no medical certificate is presented for participation in the activity, the hirer declares on his\/her own responsibility that he\/she is able to participate in the activity.<\/p>\n<p>15 Customers under the age of 16 must provide written parental authorisation.<\/p>\n<p>16 Two Fine Wheels reserves the right to cancel the activity or rental without further notice and without refund if the customer is under the influence of drugs and\/or alcohol.<\/p>\n<p>17 Two Fine Wheels offers a breakdown service of 2\u20ac per kilometre distance to the shop. Its availability cannot be guaranteed for logistical reasons and is therefore not part of the contract.<\/p>\n<p>18 Tenants are expressly recommended to take out liability insurance.<\/p>\n<p>19 For any disputes arising from this contract, the application of Spanish law and the jurisdiction of the competent court shall be agreed, provided that there are no mandatory provisions to the contrary.<\/p>\t\t\t\t\t\t\t\t<\/div>\n\t\t\t\t<\/div>\n\t\t\t\t\t<\/div>\n\t\t\t\t<\/div>\n\t\t<div class=\"elementor-element elementor-element-517c75f0 e-flex e-con-boxed e-con e-parent\" data-id=\"517c75f0\" data-element_type=\"container\" data-e-type=\"container\" id=\"privacypolicy\">\n\t\t\t\t\t<div class=\"e-con-inner\">\n\t\t<div class=\"elementor-element elementor-element-773d609f e-con-full e-flex e-con e-child\" data-id=\"773d609f\" data-element_type=\"container\" data-e-type=\"container\">\n\t\t\t\t<div class=\"elementor-element elementor-element-5b302aa6 elementor-widget elementor-widget-heading\" data-id=\"5b302aa6\" data-element_type=\"widget\" data-e-type=\"widget\" data-widget_type=\"heading.default\">\n\t\t\t\t\t<h5 class=\"elementor-heading-title elementor-size-default\">Legal &amp; Privacy<\/h5>\t\t\t\t<\/div>\n\t\t\t\t<div class=\"elementor-element elementor-element-67a143f7 elementor-widget elementor-widget-heading\" data-id=\"67a143f7\" data-element_type=\"widget\" data-e-type=\"widget\" data-widget_type=\"heading.default\">\n\t\t\t\t\t<h1 class=\"elementor-heading-title elementor-size-default\">Privacy Policy<\/h1>\t\t\t\t<\/div>\n\t\t\t\t<div class=\"elementor-element elementor-element-667f5403 elementor-widget-divider--view-line elementor-widget elementor-widget-divider\" data-id=\"667f5403\" data-element_type=\"widget\" data-e-type=\"widget\" data-widget_type=\"divider.default\">\n\t\t\t\t\t\t\t<div class=\"elementor-divider\">\n\t\t\t<span class=\"elementor-divider-separator\">\n\t\t\t\t\t\t<\/span>\n\t\t<\/div>\n\t\t\t\t\t\t<\/div>\n\t\t\t\t<\/div>\n\t\t\t\t\t<\/div>\n\t\t\t\t<\/div>\n\t\t\t\t<\/div>","protected":false},"excerpt":{"rendered":"<p>Legal &amp; Privacy AGB und VErtragsbedingungen 1 Der Mieter erh\u00e4lt das Fahrrad\/ die Fahrr\u00e4der in technisch einwandfreiem Zustand. Ab der \u00dcbergabe hat der Mieter die alleinige Verantwortung f\u00fcr das Fahrrad\/ die Fahrr\u00e4der. 2 Wir vermieten nur gegen Vorlage eines Personalausweises oder eines F\u00fchrerscheins und behalten uns gegebenfalls eine Sicherheitskaution vor, welche bei ordnungsgem\u00e4\u00dfer R\u00fcckgabe zur\u00fcckerstattet [&hellip;]<\/p>\n","protected":false},"author":1,"featured_media":0,"parent":0,"menu_order":0,"comment_status":"closed","ping_status":"closed","template":"elementor_header_footer","meta":{"footnotes":""},"class_list":["post-81","page","type-page","status-publish","hentry"],"yoast_head":"<!-- This site is optimized with the Yoast SEO plugin v27.5 - https:\/\/yoast.com\/product\/yoast-seo-wordpress\/ -->\n<title>Legal &amp; Privacy - Berlin Two Fine Wheels<\/title>\n<meta name=\"robots\" content=\"index, follow, max-snippet:-1, max-image-preview:large, max-video-preview:-1\" \/>\n<link rel=\"canonical\" href=\"https:\/\/berlin.twofinewheels.com\/en\/legal-privacy\/\" \/>\n<meta property=\"og:locale\" content=\"en_GB\" \/>\n<meta property=\"og:type\" content=\"article\" \/>\n<meta property=\"og:title\" content=\"Legal &amp; Privacy - Berlin Two Fine Wheels\" \/>\n<meta property=\"og:description\" content=\"Legal &amp; Privacy AGB und VErtragsbedingungen 1 Der Mieter erh\u00e4lt das Fahrrad\/ die Fahrr\u00e4der in technisch einwandfreiem Zustand. Ab der \u00dcbergabe hat der Mieter die alleinige Verantwortung f\u00fcr das Fahrrad\/ die Fahrr\u00e4der. 2 Wir vermieten nur gegen Vorlage eines Personalausweises oder eines F\u00fchrerscheins und behalten uns gegebenfalls eine Sicherheitskaution vor, welche bei ordnungsgem\u00e4\u00dfer R\u00fcckgabe zur\u00fcckerstattet [&hellip;]\" \/>\n<meta property=\"og:url\" content=\"https:\/\/berlin.twofinewheels.com\/en\/legal-privacy\/\" \/>\n<meta property=\"og:site_name\" content=\"Berlin Two Fine Wheels\" \/>\n<meta property=\"article:publisher\" content=\"https:\/\/www.facebook.com\/p\/Two-Fine-Wheels-Berlin-61554800520837\/\" \/>\n<meta property=\"article:modified_time\" content=\"2025-12-12T15:46:24+00:00\" \/>\n<meta name=\"twitter:card\" content=\"summary_large_image\" \/>\n<meta name=\"twitter:label1\" content=\"Estimated reading time\" \/>\n\t<meta name=\"twitter:data1\" content=\"4 minutes\" \/>\n<script type=\"application\/ld+json\" class=\"yoast-schema-graph\">{\"@context\":\"https:\\\/\\\/schema.org\",\"@graph\":[{\"@type\":\"WebPage\",\"@id\":\"https:\\\/\\\/berlin.twofinewheels.com\\\/legal-privacy\\\/\",\"url\":\"https:\\\/\\\/berlin.twofinewheels.com\\\/legal-privacy\\\/\",\"name\":\"Legal & Privacy - Berlin Two Fine Wheels\",\"isPartOf\":{\"@id\":\"https:\\\/\\\/berlin.twofinewheels.com\\\/#website\"},\"datePublished\":\"2025-01-02T20:18:12+00:00\",\"dateModified\":\"2025-12-12T15:46:24+00:00\",\"breadcrumb\":{\"@id\":\"https:\\\/\\\/berlin.twofinewheels.com\\\/legal-privacy\\\/#breadcrumb\"},\"inLanguage\":\"en-GB\",\"potentialAction\":[{\"@type\":\"ReadAction\",\"target\":[\"https:\\\/\\\/berlin.twofinewheels.com\\\/legal-privacy\\\/\"]}]},{\"@type\":\"BreadcrumbList\",\"@id\":\"https:\\\/\\\/berlin.twofinewheels.com\\\/legal-privacy\\\/#breadcrumb\",\"itemListElement\":[{\"@type\":\"ListItem\",\"position\":1,\"name\":\"Startseite\",\"item\":\"https:\\\/\\\/berlin.twofinewheels.com\\\/\"},{\"@type\":\"ListItem\",\"position\":2,\"name\":\"Legal &#038; Privacy\"}]},{\"@type\":\"WebSite\",\"@id\":\"https:\\\/\\\/berlin.twofinewheels.com\\\/#website\",\"url\":\"https:\\\/\\\/berlin.twofinewheels.com\\\/\",\"name\":\"Bikeshop Berlin \\\/\\\/ Colnago \\\/\\\/ Wilier \\\/\\\/ Enve & Bikefitting\",\"description\":\"Colnago - Wilier - Enve - Shop &amp; Bikefitting Studio\",\"publisher\":{\"@id\":\"https:\\\/\\\/berlin.twofinewheels.com\\\/#organization\"},\"potentialAction\":[{\"@type\":\"SearchAction\",\"target\":{\"@type\":\"EntryPoint\",\"urlTemplate\":\"https:\\\/\\\/berlin.twofinewheels.com\\\/?s={search_term_string}\"},\"query-input\":{\"@type\":\"PropertyValueSpecification\",\"valueRequired\":true,\"valueName\":\"search_term_string\"}}],\"inLanguage\":\"en-GB\"},{\"@type\":\"Organization\",\"@id\":\"https:\\\/\\\/berlin.twofinewheels.com\\\/#organization\",\"name\":\"Two Fine Wheels Berlin\",\"url\":\"https:\\\/\\\/berlin.twofinewheels.com\\\/\",\"logo\":{\"@type\":\"ImageObject\",\"inLanguage\":\"en-GB\",\"@id\":\"https:\\\/\\\/berlin.twofinewheels.com\\\/#\\\/schema\\\/logo\\\/image\\\/\",\"url\":\"https:\\\/\\\/berlin.twofinewheels.com\\\/wp-content\\\/uploads\\\/2025\\\/01\\\/logotwofinewheels_small-1.jpg\",\"contentUrl\":\"https:\\\/\\\/berlin.twofinewheels.com\\\/wp-content\\\/uploads\\\/2025\\\/01\\\/logotwofinewheels_small-1.jpg\",\"width\":150,\"height\":147,\"caption\":\"Two Fine Wheels Berlin\"},\"image\":{\"@id\":\"https:\\\/\\\/berlin.twofinewheels.com\\\/#\\\/schema\\\/logo\\\/image\\\/\"},\"sameAs\":[\"https:\\\/\\\/www.facebook.com\\\/p\\\/Two-Fine-Wheels-Berlin-61554800520837\\\/\",\"https:\\\/\\\/www.instagram.com\\\/twofinewheels_berlin\\\/\"]}]}<\/script>\n<!-- \/ Yoast SEO plugin. -->","yoast_head_json":{"title":"Legal &amp; Privacy - Berlin Two Fine Wheels","robots":{"index":"index","follow":"follow","max-snippet":"max-snippet:-1","max-image-preview":"max-image-preview:large","max-video-preview":"max-video-preview:-1"},"canonical":"https:\/\/berlin.twofinewheels.com\/en\/legal-privacy\/","og_locale":"en_GB","og_type":"article","og_title":"Legal & Privacy - Berlin Two Fine Wheels","og_description":"Legal &amp; Privacy AGB und VErtragsbedingungen 1 Der Mieter erh\u00e4lt das Fahrrad\/ die Fahrr\u00e4der in technisch einwandfreiem Zustand. Ab der \u00dcbergabe hat der Mieter die alleinige Verantwortung f\u00fcr das Fahrrad\/ die Fahrr\u00e4der. 2 Wir vermieten nur gegen Vorlage eines Personalausweises oder eines F\u00fchrerscheins und behalten uns gegebenfalls eine Sicherheitskaution vor, welche bei ordnungsgem\u00e4\u00dfer R\u00fcckgabe zur\u00fcckerstattet [&hellip;]","og_url":"https:\/\/berlin.twofinewheels.com\/en\/legal-privacy\/","og_site_name":"Berlin Two Fine Wheels","article_publisher":"https:\/\/www.facebook.com\/p\/Two-Fine-Wheels-Berlin-61554800520837\/","article_modified_time":"2025-12-12T15:46:24+00:00","twitter_card":"summary_large_image","twitter_misc":{"Estimated reading time":"4 minutes"},"schema":{"@context":"https:\/\/schema.org","@graph":[{"@type":"WebPage","@id":"https:\/\/berlin.twofinewheels.com\/legal-privacy\/","url":"https:\/\/berlin.twofinewheels.com\/legal-privacy\/","name":"Legal &amp; Privacy - Berlin Two Fine Wheels","isPartOf":{"@id":"https:\/\/berlin.twofinewheels.com\/#website"},"datePublished":"2025-01-02T20:18:12+00:00","dateModified":"2025-12-12T15:46:24+00:00","breadcrumb":{"@id":"https:\/\/berlin.twofinewheels.com\/legal-privacy\/#breadcrumb"},"inLanguage":"en-GB","potentialAction":[{"@type":"ReadAction","target":["https:\/\/berlin.twofinewheels.com\/legal-privacy\/"]}]},{"@type":"BreadcrumbList","@id":"https:\/\/berlin.twofinewheels.com\/legal-privacy\/#breadcrumb","itemListElement":[{"@type":"ListItem","position":1,"name":"Startseite","item":"https:\/\/berlin.twofinewheels.com\/"},{"@type":"ListItem","position":2,"name":"Legal &#038; Privacy"}]},{"@type":"WebSite","@id":"https:\/\/berlin.twofinewheels.com\/#website","url":"https:\/\/berlin.twofinewheels.com\/","name":"Bikeshop Berlin \/\/ Colnago \/\/ Wilier \/\/ Enve &amp; Bikefitting","description":"Colnago - Wilier - Enve - Shop &amp; Bikefitting Studio","publisher":{"@id":"https:\/\/berlin.twofinewheels.com\/#organization"},"potentialAction":[{"@type":"SearchAction","target":{"@type":"EntryPoint","urlTemplate":"https:\/\/berlin.twofinewheels.com\/?s={search_term_string}"},"query-input":{"@type":"PropertyValueSpecification","valueRequired":true,"valueName":"search_term_string"}}],"inLanguage":"en-GB"},{"@type":"Organization","@id":"https:\/\/berlin.twofinewheels.com\/#organization","name":"Two Fine Wheels Berlin","url":"https:\/\/berlin.twofinewheels.com\/","logo":{"@type":"ImageObject","inLanguage":"en-GB","@id":"https:\/\/berlin.twofinewheels.com\/#\/schema\/logo\/image\/","url":"https:\/\/berlin.twofinewheels.com\/wp-content\/uploads\/2025\/01\/logotwofinewheels_small-1.jpg","contentUrl":"https:\/\/berlin.twofinewheels.com\/wp-content\/uploads\/2025\/01\/logotwofinewheels_small-1.jpg","width":150,"height":147,"caption":"Two Fine Wheels Berlin"},"image":{"@id":"https:\/\/berlin.twofinewheels.com\/#\/schema\/logo\/image\/"},"sameAs":["https:\/\/www.facebook.com\/p\/Two-Fine-Wheels-Berlin-61554800520837\/","https:\/\/www.instagram.com\/twofinewheels_berlin\/"]}]}},"_links":{"self":[{"href":"https:\/\/berlin.twofinewheels.com\/en\/wp-json\/wp\/v2\/pages\/81","targetHints":{"allow":["GET"]}}],"collection":[{"href":"https:\/\/berlin.twofinewheels.com\/en\/wp-json\/wp\/v2\/pages"}],"about":[{"href":"https:\/\/berlin.twofinewheels.com\/en\/wp-json\/wp\/v2\/types\/page"}],"author":[{"embeddable":true,"href":"https:\/\/berlin.twofinewheels.com\/en\/wp-json\/wp\/v2\/users\/1"}],"replies":[{"embeddable":true,"href":"https:\/\/berlin.twofinewheels.com\/en\/wp-json\/wp\/v2\/comments?post=81"}],"version-history":[{"count":7,"href":"https:\/\/berlin.twofinewheels.com\/en\/wp-json\/wp\/v2\/pages\/81\/revisions"}],"predecessor-version":[{"id":473,"href":"https:\/\/berlin.twofinewheels.com\/en\/wp-json\/wp\/v2\/pages\/81\/revisions\/473"}],"wp:attachment":[{"href":"https:\/\/berlin.twofinewheels.com\/en\/wp-json\/wp\/v2\/media?parent=81"}],"curies":[{"name":"wp","href":"https:\/\/api.w.org\/{rel}","templated":true}]}}